{"id":6,"date":"2022-04-29T14:50:04","date_gmt":"2022-04-29T17:50:04","guid":{"rendered":"http:\/\/ambitionz-instinto.lnpublicidade.com\/?page_id=6"},"modified":"2023-04-10T11:24:46","modified_gmt":"2023-04-10T14:24:46","slug":"instinto-vinish","status":"publish","type":"page","link":"https:\/\/ambitionz-instinto.lnpublicidade.com\/","title":{"rendered":"INSTINTO"},"content":{"rendered":"\t\t<div data-elementor-type=\"wp-post\" data-elementor-id=\"6\" class=\"elementor elementor-6\">\n\t\t\t\t\t\t\t\t\t<section class=\"elementor-section elementor-top-section elementor-element elementor-element-b91f7fc elementor-section-boxed elementor-section-height-default elementor-section-height-default\" data-id=\"b91f7fc\" data-element_type=\"section\" data-settings=\"{&quot;background_background&quot;:&quot;classic&quot;}\">\n\t\t\t\t\t\t\t<div class=\"elementor-background-overlay\"><\/div>\n\t\t\t\t\t\t\t<div class=\"elementor-container elementor-column-gap-default\">\n\t\t\t\t\t<div class=\"elementor-column elementor-col-100 elementor-top-column elementor-element elementor-element-a890dc1\" data-id=\"a890dc1\" data-element_type=\"column\">\n\t\t\t<div class=\"elementor-widget-wrap elementor-element-populated\">\n\t\t\t\t\t\t\t\t<div class=\"elementor-element elementor-element-e4bfa5b elementor-widget elementor-widget-image\" data-id=\"e4bfa5b\" data-element_type=\"widget\" data-widget_type=\"image.default\">\n\t\t\t\t<div class=\"elementor-widget-container\">\n\t\t\t<style>\/*! elementor - v3.6.5 - 27-04-2022 *\/\n.elementor-widget-image{text-align:center}.elementor-widget-image a{display:inline-block}.elementor-widget-image a img[src$=\".svg\"]{width:48px}.elementor-widget-image img{vertical-align:middle;display:inline-block}<\/style>\t\t\t\t\t\t\t\t\t\t\t\t\t<a href=\"https:\/\/www.instagram.com\/ambitionzrec\/\">\n\t\t\t\t\t\t\t<img width=\"450\" height=\"176\" src=\"https:\/\/ambitionz-instinto.lnpublicidade.com\/wp-content\/uploads\/2022\/04\/LOGO-AMBITIONz.png\" class=\"attachment-full size-full\" alt=\"\" loading=\"lazy\" srcset=\"https:\/\/ambitionz-instinto.lnpublicidade.com\/wp-content\/uploads\/2022\/04\/LOGO-AMBITIONz.png 450w, https:\/\/ambitionz-instinto.lnpublicidade.com\/wp-content\/uploads\/2022\/04\/LOGO-AMBITIONz-300x117.png 300w\" sizes=\"(max-width: 450px) 100vw, 450px\" \/>\t\t\t\t\t\t\t\t<\/a>\n\t\t\t\t\t\t\t\t\t\t\t\t\t\t\t<\/div>\n\t\t\t\t<\/div>\n\t\t\t\t<div class=\"elementor-element elementor-element-1655f45 elementor-widget elementor-widget-image\" data-id=\"1655f45\" data-element_type=\"widget\" data-widget_type=\"image.default\">\n\t\t\t\t<div class=\"elementor-widget-container\">\n\t\t\t\t\t\t\t\t\t\t\t\t\t\t\t<img width=\"1260\" height=\"479\" src=\"https:\/\/ambitionz-instinto.lnpublicidade.com\/wp-content\/uploads\/2022\/04\/TITULO-SITE-INSTINTO.png\" class=\"attachment-full size-full\" alt=\"\" loading=\"lazy\" srcset=\"https:\/\/ambitionz-instinto.lnpublicidade.com\/wp-content\/uploads\/2022\/04\/TITULO-SITE-INSTINTO.png 1260w, https:\/\/ambitionz-instinto.lnpublicidade.com\/wp-content\/uploads\/2022\/04\/TITULO-SITE-INSTINTO-300x114.png 300w, https:\/\/ambitionz-instinto.lnpublicidade.com\/wp-content\/uploads\/2022\/04\/TITULO-SITE-INSTINTO-1024x389.png 1024w, https:\/\/ambitionz-instinto.lnpublicidade.com\/wp-content\/uploads\/2022\/04\/TITULO-SITE-INSTINTO-768x292.png 768w\" sizes=\"(max-width: 1260px) 100vw, 1260px\" \/>\t\t\t\t\t\t\t\t\t\t\t\t\t\t\t<\/div>\n\t\t\t\t<\/div>\n\t\t\t\t<div class=\"elementor-element elementor-element-cd84f06 elementor-widget elementor-widget-image\" data-id=\"cd84f06\" data-element_type=\"widget\" data-widget_type=\"image.default\">\n\t\t\t\t<div class=\"elementor-widget-container\">\n\t\t\t\t\t\t\t\t\t\t\t\t\t\t\t\t<a href=\"https:\/\/www.instagram.com\/limaobeats\/\">\n\t\t\t\t\t\t\t<img width=\"372\" height=\"19\" src=\"https:\/\/ambitionz-instinto.lnpublicidade.com\/wp-content\/uploads\/2022\/04\/mix-master-limao-beats.png\" class=\"attachment-full size-full\" alt=\"\" loading=\"lazy\" srcset=\"https:\/\/ambitionz-instinto.lnpublicidade.com\/wp-content\/uploads\/2022\/04\/mix-master-limao-beats.png 372w, https:\/\/ambitionz-instinto.lnpublicidade.com\/wp-content\/uploads\/2022\/04\/mix-master-limao-beats-300x15.png 300w\" sizes=\"(max-width: 372px) 100vw, 372px\" \/>\t\t\t\t\t\t\t\t<\/a>\n\t\t\t\t\t\t\t\t\t\t\t\t\t\t\t<\/div>\n\t\t\t\t<\/div>\n\t\t\t\t<section class=\"elementor-section elementor-inner-section elementor-element elementor-element-32412db elementor-section-boxed elementor-section-height-default elementor-section-height-default\" data-id=\"32412db\" data-element_type=\"section\">\n\t\t\t\t\t\t<div class=\"elementor-container elementor-column-gap-default\">\n\t\t\t\t\t<div class=\"elementor-column elementor-col-50 elementor-inner-column elementor-element elementor-element-0be7aa7\" data-id=\"0be7aa7\" data-element_type=\"column\">\n\t\t\t<div class=\"elementor-widget-wrap elementor-element-populated\">\n\t\t\t\t\t\t\t\t<div class=\"elementor-element elementor-element-887d539 elementor-widget elementor-widget-image\" data-id=\"887d539\" data-element_type=\"widget\" data-widget_type=\"image.default\">\n\t\t\t\t<div class=\"elementor-widget-container\">\n\t\t\t\t\t\t\t\t\t\t\t\t\t\t\t\t<a href=\"https:\/\/www.instagram.com\/vinishreal\/\">\n\t\t\t\t\t\t\t<img width=\"129\" height=\"80\" src=\"https:\/\/ambitionz-instinto.lnpublicidade.com\/wp-content\/uploads\/2022\/04\/LOGO-VS.png\" class=\"attachment-full size-full\" alt=\"\" loading=\"lazy\" \/>\t\t\t\t\t\t\t\t<\/a>\n\t\t\t\t\t\t\t\t\t\t\t\t\t\t\t<\/div>\n\t\t\t\t<\/div>\n\t\t\t\t\t<\/div>\n\t\t<\/div>\n\t\t\t\t<div class=\"elementor-column elementor-col-50 elementor-inner-column elementor-element elementor-element-3a67000\" data-id=\"3a67000\" data-element_type=\"column\">\n\t\t\t<div class=\"elementor-widget-wrap elementor-element-populated\">\n\t\t\t\t\t\t\t\t<div class=\"elementor-element elementor-element-2ee6b24 elementor-widget elementor-widget-image\" data-id=\"2ee6b24\" data-element_type=\"widget\" data-widget_type=\"image.default\">\n\t\t\t\t<div class=\"elementor-widget-container\">\n\t\t\t\t\t\t\t\t\t\t\t\t\t\t\t\t<a href=\"https:\/\/www.instagram.com\/lnonthetrack\/\">\n\t\t\t\t\t\t\t<img width=\"115\" height=\"114\" src=\"https:\/\/ambitionz-instinto.lnpublicidade.com\/wp-content\/uploads\/2022\/04\/LOGO-LN.png\" class=\"attachment-full size-full\" alt=\"\" loading=\"lazy\" \/>\t\t\t\t\t\t\t\t<\/a>\n\t\t\t\t\t\t\t\t\t\t\t\t\t\t\t<\/div>\n\t\t\t\t<\/div>\n\t\t\t\t\t<\/div>\n\t\t<\/div>\n\t\t\t\t\t\t\t<\/div>\n\t\t<\/section>\n\t\t\t\t<div class=\"elementor-element elementor-element-54729a2 elementor-widget elementor-widget-image\" data-id=\"54729a2\" data-element_type=\"widget\" data-widget_type=\"image.default\">\n\t\t\t\t<div class=\"elementor-widget-container\">\n\t\t\t\t\t\t\t\t\t\t\t\t\t\t\t<img width=\"827\" height=\"785\" src=\"https:\/\/ambitionz-instinto.lnpublicidade.com\/wp-content\/uploads\/2022\/04\/MAINLY-PHOTOS-SITE-VINISH-INSTINTO.png\" class=\"attachment-full size-full\" alt=\"\" loading=\"lazy\" srcset=\"https:\/\/ambitionz-instinto.lnpublicidade.com\/wp-content\/uploads\/2022\/04\/MAINLY-PHOTOS-SITE-VINISH-INSTINTO.png 827w, https:\/\/ambitionz-instinto.lnpublicidade.com\/wp-content\/uploads\/2022\/04\/MAINLY-PHOTOS-SITE-VINISH-INSTINTO-300x285.png 300w, https:\/\/ambitionz-instinto.lnpublicidade.com\/wp-content\/uploads\/2022\/04\/MAINLY-PHOTOS-SITE-VINISH-INSTINTO-768x729.png 768w\" sizes=\"(max-width: 827px) 100vw, 827px\" \/>\t\t\t\t\t\t\t\t\t\t\t\t\t\t\t<\/div>\n\t\t\t\t<\/div>\n\t\t\t\t<div class=\"elementor-element elementor-element-ac60904 elementor-widget elementor-widget-heading\" data-id=\"ac60904\" data-element_type=\"widget\" data-widget_type=\"heading.default\">\n\t\t\t\t<div class=\"elementor-widget-container\">\n\t\t\t<style>\/*! elementor - v3.6.5 - 27-04-2022 *\/\n.elementor-heading-title{padding:0;margin:0;line-height:1}.elementor-widget-heading .elementor-heading-title[class*=elementor-size-]>a{color:inherit;font-size:inherit;line-height:inherit}.elementor-widget-heading .elementor-heading-title.elementor-size-small{font-size:15px}.elementor-widget-heading .elementor-heading-title.elementor-size-medium{font-size:19px}.elementor-widget-heading .elementor-heading-title.elementor-size-large{font-size:29px}.elementor-widget-heading .elementor-heading-title.elementor-size-xl{font-size:39px}.elementor-widget-heading .elementor-heading-title.elementor-size-xxl{font-size:59px}<\/style><h4 class=\"elementor-heading-title elementor-size-default\">J\u00c1 DISPON\u00cdVEL,<br>OU\u00c7A AGORA<\/h4>\t\t<\/div>\n\t\t\t\t<\/div>\n\t\t\t\t<div class=\"elementor-element elementor-element-50d214b elementor-invisible elementor-widget elementor-widget-image\" data-id=\"50d214b\" data-element_type=\"widget\" data-settings=\"{&quot;_animation&quot;:&quot;flash&quot;,&quot;_animation_mobile&quot;:&quot;flash&quot;}\" data-widget_type=\"image.default\">\n\t\t\t\t<div class=\"elementor-widget-container\">\n\t\t\t\t\t\t\t\t\t\t\t\t\t\t\t<img width=\"182\" height=\"24\" src=\"https:\/\/ambitionz-instinto.lnpublicidade.com\/wp-content\/uploads\/2022\/04\/SETAS.png\" class=\"attachment-full size-full\" alt=\"\" loading=\"lazy\" \/>\t\t\t\t\t\t\t\t\t\t\t\t\t\t\t<\/div>\n\t\t\t\t<\/div>\n\t\t\t\t\t<\/div>\n\t\t<\/div>\n\t\t\t\t\t\t\t<\/div>\n\t\t<\/section>\n\t\t\t\t<section class=\"elementor-section elementor-top-section elementor-element elementor-element-6f3035d elementor-section-boxed elementor-section-height-default elementor-section-height-default\" data-id=\"6f3035d\" data-element_type=\"section\" data-settings=\"{&quot;background_background&quot;:&quot;classic&quot;}\">\n\t\t\t\t\t\t<div class=\"elementor-container elementor-column-gap-default\">\n\t\t\t\t\t<div class=\"elementor-column elementor-col-25 elementor-top-column elementor-element elementor-element-3600e49\" data-id=\"3600e49\" data-element_type=\"column\">\n\t\t\t<div class=\"elementor-widget-wrap elementor-element-populated\">\n\t\t\t\t\t\t\t\t<div class=\"elementor-element elementor-element-13a73f5 elementor-align-center elementor-widget elementor-widget-button\" data-id=\"13a73f5\" data-element_type=\"widget\" data-widget_type=\"button.default\">\n\t\t\t\t<div class=\"elementor-widget-container\">\n\t\t\t\t\t<div class=\"elementor-button-wrapper\">\n\t\t\t<a href=\"https:\/\/music.apple.com\/us\/album\/instinto-feat-ln-on-the-track\/1620986531?i=1620986536\" class=\"elementor-button-link elementor-button elementor-size-sm\" role=\"button\">\n\t\t\t\t\t\t<span class=\"elementor-button-content-wrapper\">\n\t\t\t\t\t\t<span class=\"elementor-button-text\">Apple Music<\/span>\n\t\t<\/span>\n\t\t\t\t\t<\/a>\n\t\t<\/div>\n\t\t\t\t<\/div>\n\t\t\t\t<\/div>\n\t\t\t\t\t<\/div>\n\t\t<\/div>\n\t\t\t\t<div class=\"elementor-column elementor-col-25 elementor-top-column elementor-element elementor-element-243ef0f\" data-id=\"243ef0f\" data-element_type=\"column\">\n\t\t\t<div class=\"elementor-widget-wrap elementor-element-populated\">\n\t\t\t\t\t\t\t\t<div class=\"elementor-element elementor-element-033dc9d elementor-align-center elementor-widget elementor-widget-button\" data-id=\"033dc9d\" data-element_type=\"widget\" data-widget_type=\"button.default\">\n\t\t\t\t<div class=\"elementor-widget-container\">\n\t\t\t\t\t<div class=\"elementor-button-wrapper\">\n\t\t\t<a href=\"https:\/\/deezer.page.link\/Q9HBEWBYeeZ6rsom8\" class=\"elementor-button-link elementor-button elementor-size-sm\" role=\"button\">\n\t\t\t\t\t\t<span class=\"elementor-button-content-wrapper\">\n\t\t\t\t\t\t<span class=\"elementor-button-text\">Deezer<\/span>\n\t\t<\/span>\n\t\t\t\t\t<\/a>\n\t\t<\/div>\n\t\t\t\t<\/div>\n\t\t\t\t<\/div>\n\t\t\t\t\t<\/div>\n\t\t<\/div>\n\t\t\t\t<div class=\"elementor-column elementor-col-25 elementor-top-column elementor-element elementor-element-e2b81de\" data-id=\"e2b81de\" data-element_type=\"column\">\n\t\t\t<div class=\"elementor-widget-wrap elementor-element-populated\">\n\t\t\t\t\t\t\t\t<div class=\"elementor-element elementor-element-d008425 elementor-align-center elementor-widget elementor-widget-button\" data-id=\"d008425\" data-element_type=\"widget\" data-widget_type=\"button.default\">\n\t\t\t\t<div class=\"elementor-widget-container\">\n\t\t\t\t\t<div class=\"elementor-button-wrapper\">\n\t\t\t<a href=\"https:\/\/www.youtube.com\/watch?v=F37XlYEPi_k\" class=\"elementor-button-link elementor-button elementor-size-sm\" role=\"button\">\n\t\t\t\t\t\t<span class=\"elementor-button-content-wrapper\">\n\t\t\t\t\t\t<span class=\"elementor-button-text\">Youtube<\/span>\n\t\t<\/span>\n\t\t\t\t\t<\/a>\n\t\t<\/div>\n\t\t\t\t<\/div>\n\t\t\t\t<\/div>\n\t\t\t\t\t<\/div>\n\t\t<\/div>\n\t\t\t\t<div class=\"elementor-column elementor-col-25 elementor-top-column elementor-element elementor-element-eb05d85\" data-id=\"eb05d85\" data-element_type=\"column\">\n\t\t\t<div class=\"elementor-widget-wrap elementor-element-populated\">\n\t\t\t\t\t\t\t\t<div class=\"elementor-element elementor-element-ddecf19 elementor-align-center elementor-widget elementor-widget-button\" data-id=\"ddecf19\" data-element_type=\"widget\" data-widget_type=\"button.default\">\n\t\t\t\t<div class=\"elementor-widget-container\">\n\t\t\t\t\t<div class=\"elementor-button-wrapper\">\n\t\t\t<a href=\"https:\/\/open.spotify.com\/album\/3jTHeljEHIvOxbJ7m2MV83?si=SAxgjy_qRpSY3gTNMBpB1A\" class=\"elementor-button-link elementor-button elementor-size-sm\" role=\"button\">\n\t\t\t\t\t\t<span class=\"elementor-button-content-wrapper\">\n\t\t\t\t\t\t<span class=\"elementor-button-text\">Spotify<\/span>\n\t\t<\/span>\n\t\t\t\t\t<\/a>\n\t\t<\/div>\n\t\t\t\t<\/div>\n\t\t\t\t<\/div>\n\t\t\t\t\t<\/div>\n\t\t<\/div>\n\t\t\t\t\t\t\t<\/div>\n\t\t<\/section>\n\t\t\t\t<section class=\"elementor-section elementor-top-section elementor-element elementor-element-18e01fc elementor-section-boxed elementor-section-height-default elementor-section-height-default\" data-id=\"18e01fc\" data-element_type=\"section\" data-settings=\"{&quot;background_background&quot;:&quot;classic&quot;}\">\n\t\t\t\t\t\t<div class=\"elementor-container elementor-column-gap-default\">\n\t\t\t\t\t<div class=\"elementor-column elementor-col-100 elementor-top-column elementor-element elementor-element-c80d935\" data-id=\"c80d935\" data-element_type=\"column\" data-settings=\"{&quot;background_background&quot;:&quot;classic&quot;}\">\n\t\t\t<div class=\"elementor-widget-wrap elementor-element-populated\">\n\t\t\t\t\t\t\t\t<div class=\"elementor-element elementor-element-1ec40ce elementor-widget elementor-widget-image\" data-id=\"1ec40ce\" data-element_type=\"widget\" data-settings=\"{&quot;_animation_mobile&quot;:&quot;zoomIn&quot;}\" data-widget_type=\"image.default\">\n\t\t\t\t<div class=\"elementor-widget-container\">\n\t\t\t\t\t\t\t\t\t\t\t\t\t\t\t\t<a href=\"https:\/\/ambitionz.lnpublicidade.com\/\">\n\t\t\t\t\t\t\t<img width=\"545\" height=\"31\" src=\"https:\/\/ambitionz-instinto.lnpublicidade.com\/wp-content\/uploads\/2022\/04\/\u00a92022-Ambitionz-Records.png\" class=\"attachment-full size-full\" alt=\"\" loading=\"lazy\" srcset=\"https:\/\/ambitionz-instinto.lnpublicidade.com\/wp-content\/uploads\/2022\/04\/\u00a92022-Ambitionz-Records.png 545w, https:\/\/ambitionz-instinto.lnpublicidade.com\/wp-content\/uploads\/2022\/04\/\u00a92022-Ambitionz-Records-300x17.png 300w\" sizes=\"(max-width: 545px) 100vw, 545px\" \/>\t\t\t\t\t\t\t\t<\/a>\n\t\t\t\t\t\t\t\t\t\t\t\t\t\t\t<\/div>\n\t\t\t\t<\/div>\n\t\t\t\t<div class=\"elementor-element elementor-element-cf9a764 elementor-widget elementor-widget-image\" data-id=\"cf9a764\" data-element_type=\"widget\" data-settings=\"{&quot;_animation_mobile&quot;:&quot;pulse&quot;}\" data-widget_type=\"image.default\">\n\t\t\t\t<div class=\"elementor-widget-container\">\n\t\t\t\t\t\t\t\t\t\t\t\t\t\t\t\t<a href=\"https:\/\/ambitionz.lnpublicidade.com\/\">\n\t\t\t\t\t\t\t<img width=\"146\" height=\"178\" src=\"https:\/\/ambitionz-instinto.lnpublicidade.com\/wp-content\/uploads\/2022\/04\/LOGO-Z-INSTINTO.png\" class=\"attachment-full size-full\" alt=\"\" loading=\"lazy\" \/>\t\t\t\t\t\t\t\t<\/a>\n\t\t\t\t\t\t\t\t\t\t\t\t\t\t\t<\/div>\n\t\t\t\t<\/div>\n\t\t\t\t\t<\/div>\n\t\t<\/div>\n\t\t\t\t\t\t\t<\/div>\n\t\t<\/section>\n\t\t\t\t\t\t\t<\/div>\n\t\t","protected":false},"excerpt":{"rendered":"<p>J\u00c1 DISPON\u00cdVEL,OU\u00c7A AGORA Apple Music Deezer Youtube Spotify<\/p>\n","protected":false},"author":1,"featured_media":0,"parent":0,"menu_order":0,"comment_status":"closed","ping_status":"closed","template":"elementor_canvas","meta":{"om_disable_all_campaigns":false,"_monsterinsights_skip_tracking":false,"_monsterinsights_sitenote_active":false,"_monsterinsights_sitenote_note":"","_monsterinsights_sitenote_category":0},"_links":{"self":[{"href":"https:\/\/ambitionz-instinto.lnpublicidade.com\/index.php\/wp-json\/wp\/v2\/pages\/6"}],"collection":[{"href":"https:\/\/ambitionz-instinto.lnpublicidade.com\/index.php\/wp-json\/wp\/v2\/pages"}],"about":[{"href":"https:\/\/ambitionz-instinto.lnpublicidade.com\/index.php\/wp-json\/wp\/v2\/types\/page"}],"author":[{"embeddable":true,"href":"https:\/\/ambitionz-instinto.lnpublicidade.com\/index.php\/wp-json\/wp\/v2\/users\/1"}],"replies":[{"embeddable":true,"href":"https:\/\/ambitionz-instinto.lnpublicidade.com\/index.php\/wp-json\/wp\/v2\/comments?post=6"}],"version-history":[{"count":177,"href":"https:\/\/ambitionz-instinto.lnpublicidade.com\/index.php\/wp-json\/wp\/v2\/pages\/6\/revisions"}],"predecessor-version":[{"id":217,"href":"https:\/\/ambitionz-instinto.lnpublicidade.com\/index.php\/wp-json\/wp\/v2\/pages\/6\/revisions\/217"}],"wp:attachment":[{"href":"https:\/\/ambitionz-instinto.lnpublicidade.com\/index.php\/wp-json\/wp\/v2\/media?parent=6"}],"curies":[{"name":"wp","href":"https:\/\/api.w.org\/{rel}","templated":true}]}}